{"id":29,"date":"2026-01-22T11:09:28","date_gmt":"2026-01-22T11:09:28","guid":{"rendered":"http:\/\/swedvision-draft.local\/about\/"},"modified":"2026-04-23T19:19:22","modified_gmt":"2026-04-23T17:19:22","slug":"om-oss","status":"publish","type":"page","link":"https:\/\/swedvision.se\/en\/om-oss\/","title":{"rendered":"About Us"},"content":{"rendered":"<div data-elementor-type=\"wp-page\" data-elementor-id=\"29\" class=\"elementor elementor-29\">\n\t\t\t\t<main class=\"elementor-element elementor-element-746393d e-con-full e-flex wpr-particle-no wpr-jarallax-no wpr-parallax-no wpr-sticky-section-no wpr-equal-height-no e-con e-parent\" data-id=\"746393d\" data-element_type=\"container\" data-e-type=\"container\">\n\t\t<div class=\"elementor-element elementor-element-34d4f61 e-con-full e-flex wpr-particle-no wpr-jarallax-no wpr-parallax-no wpr-sticky-section-no wpr-equal-height-no e-con e-child\" data-id=\"34d4f61\" data-element_type=\"container\" data-e-type=\"container\">\n\t\t<div class=\"elementor-element elementor-element-9d1be29 e-con-full e-flex wpr-particle-no wpr-jarallax-no wpr-parallax-no wpr-sticky-section-no wpr-equal-height-no e-con e-child\" data-id=\"9d1be29\" data-element_type=\"container\" data-e-type=\"container\">\n\t\t\t\t<div class=\"elementor-element elementor-element-2052ae6 elementor-widget elementor-widget-heading\" data-id=\"2052ae6\" data-element_type=\"widget\" data-e-type=\"widget\" data-widget_type=\"heading.default\">\n\t\t\t\t\t<h1 class=\"elementor-heading-title elementor-size-default\">About Us<\/h1>\t\t\t\t<\/div>\n\t\t\t\t<div class=\"elementor-element elementor-element-62940db elementor-widget-divider--view-line elementor-widget elementor-widget-divider\" data-id=\"62940db\" data-element_type=\"widget\" data-e-type=\"widget\" data-widget_type=\"divider.default\">\n\t\t\t\t\t\t\t<div class=\"elementor-divider\">\n\t\t\t<span class=\"elementor-divider-separator\">\n\t\t\t\t\t\t<\/span>\n\t\t<\/div>\n\t\t\t\t\t\t<\/div>\n\t\t\t\t<div class=\"elementor-element elementor-element-d0476f1 elementor-widget__width-initial elementor-widget elementor-widget-text-editor\" data-id=\"d0476f1\" data-element_type=\"widget\" data-e-type=\"widget\" data-widget_type=\"text-editor.default\">\n\t\t\t\t\t\t\t\t\t<p>Swedvision Automation AB started its operations in 1989. Initially, we focused on inspecting processed wood products. Our journey began as a supplier of inspection systems but has gradually evolved into delivering complete machines and cells. In all our solutions, one or more cameras always play a central role.<\/p><p>The company is currently owned and operated by Andreas Frosten\u00e4s, Dan Parsmo, and Tommy Svedlund. Together, we have approximately 50 years of experience in vision systems. Today, we employ 8 people and focus on applied image processing within the Nordic manufacturing industry.<\/p><p>We put our customers\u2019 quality and automation needs at the center and design solutions that are simple, tailored, and scalable. Our strength lies in our extensive experience with applied image processing across various industries and environments. Together with our partners, we consider ourselves unique in the market. We are proud to have helped our customers improve quality and increase automation levels for over 30 years.<\/p><p>Till v\u00e5ra kunder h\u00f6r: SECO Tools, Tarkett, Magna, Hultafors, Volvo LV och Gustaf K\u00e4hr AB. Till dessa kunder har vi levererat kompletta l\u00f6sningar som s\u00e4krat och h\u00f6jt deras kvalitetsniv\u00e5.<\/p><p>The industries we primarily focus on are wood, flooring and interiors, food, and the automotive industry with its suppliers. Our product solutions range from ID systems and robot guidance to large-scale putty application plants.<\/p><p>Our profitability is built on helping our customers become more profitable. We believe in the future and that, with the help of technology today, we can shape the production of tomorrow. By involving us in your production, you are building for the future!<\/p>\t\t\t\t\t\t\t\t<\/div>\n\t\t\t\t<\/div>\n\t\t<div class=\"elementor-element elementor-element-b8e445a e-con-full e-flex wpr-particle-no wpr-jarallax-no wpr-parallax-no wpr-sticky-section-no wpr-equal-height-no e-con e-child\" data-id=\"b8e445a\" data-element_type=\"container\" data-e-type=\"container\" data-settings=\"{&quot;background_background&quot;:&quot;classic&quot;}\">\n\t\t\t\t<\/div>\n\t\t\t\t<\/div>\n\t\t<div class=\"elementor-element elementor-element-55c9202 e-con-full e-flex wpr-particle-no wpr-jarallax-no wpr-parallax-no wpr-sticky-section-no wpr-equal-height-no e-con e-child\" data-id=\"55c9202\" data-element_type=\"container\" data-e-type=\"container\">\n\t\t<div class=\"elementor-element elementor-element-2c74373 e-con-full e-flex wpr-particle-no wpr-jarallax-no wpr-parallax-no wpr-sticky-section-no wpr-equal-height-no e-con e-child\" data-id=\"2c74373\" data-element_type=\"container\" data-e-type=\"container\">\n\t\t\t\t<div class=\"elementor-element elementor-element-a034965 elementor-pagination-position-outside elementor-widget elementor-widget-image-carousel\" data-id=\"a034965\" data-element_type=\"widget\" data-e-type=\"widget\" data-settings=\"{&quot;slides_to_show&quot;:&quot;1&quot;,&quot;navigation&quot;:&quot;dots&quot;,&quot;pause_on_hover&quot;:&quot;no&quot;,&quot;pause_on_interaction&quot;:&quot;no&quot;,&quot;autoplay&quot;:&quot;yes&quot;,&quot;autoplay_speed&quot;:5000,&quot;infinite&quot;:&quot;yes&quot;,&quot;effect&quot;:&quot;slide&quot;,&quot;speed&quot;:500}\" data-widget_type=\"image-carousel.default\">\n\t\t\t\t\t\t\t<div class=\"elementor-image-carousel-wrapper swiper\" role=\"region\" aria-roledescription=\"carousel\" aria-label=\"Image Carousel\" dir=\"ltr\">\n\t\t\t<div class=\"elementor-image-carousel swiper-wrapper swiper-image-stretch\" aria-live=\"off\">\n\t\t\t\t\t\t\t\t<div class=\"swiper-slide\" role=\"group\" aria-roledescription=\"slide\" aria-label=\"1 of 3\" data-no-translation-aria-label=\"\"><figure class=\"swiper-slide-inner\"><img decoding=\"async\" class=\"swiper-slide-image\" src=\"https:\/\/swedvision.se\/wp-content\/uploads\/elementor\/thumbs\/electronic-1-1-riny71ui4xa1orzdgum7070j6num5aerywrb6obbug.jpg\" alt=\"electronic-1\" \/><\/figure><\/div><div class=\"swiper-slide\" role=\"group\" aria-roledescription=\"slide\" aria-label=\"2 of 3\" data-no-translation-aria-label=\"\"><figure class=\"swiper-slide-inner\"><img decoding=\"async\" class=\"swiper-slide-image\" src=\"https:\/\/swedvision.se\/wp-content\/uploads\/elementor\/thumbs\/GT4-2-1-riny71ui4xa1orzdgum7070j6num5aerywrb6obbug.jpg\" alt=\"GT4-2\" \/><\/figure><\/div><div class=\"swiper-slide\" role=\"group\" aria-roledescription=\"slide\" aria-label=\"3 of 3\" data-no-translation-aria-label=\"\"><figure class=\"swiper-slide-inner\"><img decoding=\"async\" class=\"swiper-slide-image\" src=\"https:\/\/swedvision.se\/wp-content\/uploads\/elementor\/thumbs\/KameraX4-1-riny73q6ilcmbzwn5vfg56jgdflckom8n62a588ji0.jpg\" alt=\"KameraX4\" \/><\/figure><\/div>\t\t\t<\/div>\n\t\t\t\t\t\t\t\n\t\t\t\t\t\t\t\t\t<div class=\"swiper-pagination\"><\/div>\n\t\t\t\t\t\t\t\t\t<\/div>\n\t\t\t\t\t\t<\/div>\n\t\t\t\t<\/div>\n\t\t<div class=\"elementor-element elementor-element-e872bf9 e-con-full e-flex wpr-particle-no wpr-jarallax-no wpr-parallax-no wpr-sticky-section-no wpr-equal-height-no e-con e-child\" data-id=\"e872bf9\" data-element_type=\"container\" data-e-type=\"container\">\n\t\t\t\t<div class=\"elementor-element elementor-element-18a6b1a elementor-widget elementor-widget-heading\" data-id=\"18a6b1a\" data-element_type=\"widget\" data-e-type=\"widget\" data-widget_type=\"heading.default\">\n\t\t\t\t\t<h2 class=\"elementor-heading-title elementor-size-default\">Our Vision<\/h2>\t\t\t\t<\/div>\n\t\t\t\t<div class=\"elementor-element elementor-element-73e4655 elementor-widget__width-initial elementor-widget elementor-widget-text-editor\" data-id=\"73e4655\" data-element_type=\"widget\" data-e-type=\"widget\" data-widget_type=\"text-editor.default\">\n\t\t\t\t\t\t\t\t\t<p>Through customer-tailored, scalable, and quality-assuring solutions, we aim to continue shaping the production of the future, with increased quality, efficiency, and profitability at the core.<\/p>\t\t\t\t\t\t\t\t<\/div>\n\t\t\t\t<div class=\"elementor-element elementor-element-45ec820 elementor-hidden-desktop elementor-hidden-tablet elementor-hidden-mobile elementor-widget elementor-widget-testimonial\" data-id=\"45ec820\" data-element_type=\"widget\" data-e-type=\"widget\" data-widget_type=\"testimonial.default\">\n\t\t\t\t\t\t\t<div class=\"elementor-testimonial-wrapper\">\n\t\t\t\t\t\t\t<div class=\"elementor-testimonial-content\">\u201cInspirerande quote fr\u00e5n medarbetare\/\u00e4gare\u201d<\/div>\n\t\t\t\n\t\t\t\t\t\t<div class=\"elementor-testimonial-meta\">\n\t\t\t\t<div class=\"elementor-testimonial-meta-inner\">\n\t\t\t\t\t\n\t\t\t\t\t\t\t\t\t\t<div class=\"elementor-testimonial-details\">\n\t\t\t\t\t\t\t\t\t\t\t\t\t\t<div class=\"elementor-testimonial-name\">Tommy Svedlund<\/div>\n\t\t\t\t\t\t\t\t\t\t\t\t\t\t\t\t\t\t\t<\/div>\n\t\t\t\t\t\t\t\t\t<\/div>\n\t\t\t<\/div>\n\t\t\t\t\t<\/div>\n\t\t\t\t\t\t<\/div>\n\t\t\t\t<\/div>\n\t\t\t\t<\/div>\n\t\t\t\t<\/main>\n\t\t\t\t<\/div>","protected":false},"excerpt":{"rendered":"<p>Om oss Swedvison Automation AB b\u00f6rjade sin verksamhet 1989. Till en b\u00f6rjan var vi inriktade p\u00e5 att avsyna f\u00f6r\u00e4dlade tr\u00e4produkter. V\u00e5r resa b\u00f6rjade som en leverant\u00f6r av avsyningssystem men har successivt vuxit till att vi levererar kompletta maskiner och celler. I v\u00e5ra leveranser har en eller flera kameror alltid en central roll. F\u00f6retaget \u00e4gs och drivs idag av: Andreas Frosten\u00e4s, Dan Parsmo och Tommy Svedlund. Tillsammans har vi ca 50 \u00e5rs erfarenhet av vision-system. Vi syssels\u00e4tter tillsammans idag 8 personer och vi har v\u00e5r fokus p\u00e5 till\u00e4mpad bildbehandling inom Nordisk tillverkande industri. Vi s\u00e4tter v\u00e5ra kunders kvalitet och automationsbehov i centrum och utformar l\u00f6sningar som \u00e4r enkla, anpassade och utvecklingsbara. V\u00e5r styrka \u00e4r att vi har stor erfarenhet av till\u00e4mpad bildbehandling i olika branscher och milj\u00f6er. Tillsammans med v\u00e5ra partners ser vi oss som unika p\u00e5 marknaden. Vi \u00e4r stolta \u00f6ver att vi i \u00f6ver 30 \u00e5rs tid har kunnat hj\u00e4lpa v\u00e5ra kunder till en \u00f6kad kvalitet och \u00f6kad automationsniv\u00e5. Till v\u00e5ra kunder h\u00f6r: SECO Tools, Tarkett, Magna, Hultafors, Volvo LV och Gustaf K\u00e4hr AB. Till dessa kunder har vi levererat kompletta l\u00f6sningar som s\u00e4krat och h\u00f6jt deras kvalitetsniv\u00e5. Branscher som vi huvudsakligen fokuserar p\u00e5 \u00e4r: Tr\u00e4, golv och interi\u00f6r, livsmedel samt bilindustri med underleverant\u00f6rer. V\u00e5ra produktl\u00f6sningar sp\u00e4nner fr\u00e5n ID l\u00f6sningar, robotguidning till stora spackelanl\u00e4ggningar. V\u00e5r l\u00f6nsamhet bygger p\u00e5 att vi hj\u00e4lper v\u00e5ra kunder att bli mer l\u00f6nsamma. Vi tror p\u00e5 framtiden och att vi med teknikens hj\u00e4lp idag kan forma morgondagens produktion. N\u00e4r Ni engagerar oss i Er produktion bygger Ni f\u00f6r framtiden! V\u00e5r vision Genom kundanpassade, utvecklingsbara och kvalitetss\u00e4krande l\u00f6sningar vill vi forts\u00e4tta att forma framtidens produktion, d\u00e4r \u00f6kad kvalitet, effektivitet och l\u00f6nsamhet st\u00e5r i centrum. \u201cInspirerande quote fr\u00e5n medarbetare\/\u00e4gare\u201d Tommy Svedlund<\/p>","protected":false},"author":1,"featured_media":0,"parent":0,"menu_order":0,"comment_status":"closed","ping_status":"closed","template":"elementor_header_footer","meta":{"footnotes":""},"class_list":["post-29","page","type-page","status-publish","hentry"],"yoast_head":"<!-- This site is optimized with the Yoast SEO plugin v27.4 - https:\/\/yoast.com\/product\/yoast-seo-wordpress\/ -->\n<title>Om oss - 35 \u00e5r med automation. Nyckelf\u00e4rdiga l\u00f6sningar med den senaste visiontekniken.<\/title>\n<meta name=\"description\" content=\"Om oss Swedvison Automation AB b\u00f6rjade sin verksamhet 1989. Till en b\u00f6rjan var vi inriktade p\u00e5 att avsyna f\u00f6r\u00e4dlade tr\u00e4produkter. V\u00e5r resa b\u00f6rjade som en\" \/>\n<meta name=\"robots\" content=\"index, follow, max-snippet:-1, max-image-preview:large, max-video-preview:-1\" \/>\n<link rel=\"canonical\" href=\"https:\/\/swedvision.se\/en\/om-oss\/\" \/>\n<meta property=\"og:locale\" content=\"en_GB\" \/>\n<meta property=\"og:type\" content=\"article\" \/>\n<meta property=\"og:title\" content=\"Om oss - 35 \u00e5r med automation. Nyckelf\u00e4rdiga l\u00f6sningar med den senaste visiontekniken.\" \/>\n<meta property=\"og:description\" content=\"Om oss Swedvison Automation AB b\u00f6rjade sin verksamhet 1989. Till en b\u00f6rjan var vi inriktade p\u00e5 att avsyna f\u00f6r\u00e4dlade tr\u00e4produkter. V\u00e5r resa b\u00f6rjade som en\" \/>\n<meta property=\"og:url\" content=\"https:\/\/swedvision.se\/en\/om-oss\/\" \/>\n<meta property=\"og:site_name\" content=\"Swedvision\" \/>\n<meta property=\"article:modified_time\" content=\"2026-04-23T17:19:22+00:00\" \/>\n<meta property=\"og:image\" content=\"https:\/\/swedvision.se\/wp-content\/uploads\/elementor\/thumbs\/electronic-1-1-rinvl1zipclsokimc7x9nwx4nj58ex931o7bijom2g.jpg\" \/>\n<meta name=\"twitter:card\" content=\"summary_large_image\" \/>\n<meta name=\"twitter:label1\" content=\"Estimated reading time\" \/>\n\t<meta name=\"twitter:data1\" content=\"3 minutes\" \/>\n<script type=\"application\/ld+json\" class=\"yoast-schema-graph\">{\"@context\":\"https:\\\/\\\/schema.org\",\"@graph\":[{\"@type\":\"WebPage\",\"@id\":\"https:\\\/\\\/swedvision.se\\\/om-oss\\\/\",\"url\":\"https:\\\/\\\/swedvision.se\\\/om-oss\\\/\",\"name\":\"Om oss - 35 \u00e5r med automation. Nyckelf\u00e4rdiga l\u00f6sningar med den senaste visiontekniken.\",\"isPartOf\":{\"@id\":\"https:\\\/\\\/swedvision.se\\\/#website\"},\"primaryImageOfPage\":{\"@id\":\"https:\\\/\\\/swedvision.se\\\/om-oss\\\/#primaryimage\"},\"image\":{\"@id\":\"https:\\\/\\\/swedvision.se\\\/om-oss\\\/#primaryimage\"},\"thumbnailUrl\":\"https:\\\/\\\/swedvision.se\\\/wp-content\\\/uploads\\\/elementor\\\/thumbs\\\/electronic-1-1-rinvl1zipclsokimc7x9nwx4nj58ex931o7bijom2g.jpg\",\"datePublished\":\"2026-01-22T11:09:28+00:00\",\"dateModified\":\"2026-04-23T17:19:22+00:00\",\"description\":\"Om oss Swedvison Automation AB b\u00f6rjade sin verksamhet 1989. Till en b\u00f6rjan var vi inriktade p\u00e5 att avsyna f\u00f6r\u00e4dlade tr\u00e4produkter. V\u00e5r resa b\u00f6rjade som en\",\"breadcrumb\":{\"@id\":\"https:\\\/\\\/swedvision.se\\\/om-oss\\\/#breadcrumb\"},\"inLanguage\":\"en-GB\",\"potentialAction\":[{\"@type\":\"ReadAction\",\"target\":[\"https:\\\/\\\/swedvision.se\\\/om-oss\\\/\"]}]},{\"@type\":\"ImageObject\",\"inLanguage\":\"en-GB\",\"@id\":\"https:\\\/\\\/swedvision.se\\\/om-oss\\\/#primaryimage\",\"url\":\"https:\\\/\\\/swedvision.se\\\/wp-content\\\/uploads\\\/elementor\\\/thumbs\\\/electronic-1-1-rinvl1zipclsokimc7x9nwx4nj58ex931o7bijom2g.jpg\",\"contentUrl\":\"https:\\\/\\\/swedvision.se\\\/wp-content\\\/uploads\\\/elementor\\\/thumbs\\\/electronic-1-1-rinvl1zipclsokimc7x9nwx4nj58ex931o7bijom2g.jpg\"},{\"@type\":\"BreadcrumbList\",\"@id\":\"https:\\\/\\\/swedvision.se\\\/om-oss\\\/#breadcrumb\",\"itemListElement\":[{\"@type\":\"ListItem\",\"position\":1,\"name\":\"Hem\",\"item\":\"https:\\\/\\\/swedvision.se\\\/\"},{\"@type\":\"ListItem\",\"position\":2,\"name\":\"Om oss\"}]},{\"@type\":\"WebSite\",\"@id\":\"https:\\\/\\\/swedvision.se\\\/#website\",\"url\":\"https:\\\/\\\/swedvision.se\\\/\",\"name\":\"Swedvision.se\",\"description\":\"35 \u00e5r med automation. Nyckelf\u00e4rdiga l\u00f6sningar med den senaste visiontekniken.\",\"publisher\":{\"@id\":\"https:\\\/\\\/swedvision.se\\\/#organization\"},\"potentialAction\":[{\"@type\":\"SearchAction\",\"target\":{\"@type\":\"EntryPoint\",\"urlTemplate\":\"https:\\\/\\\/swedvision.se\\\/?s={search_term_string}\"},\"query-input\":{\"@type\":\"PropertyValueSpecification\",\"valueRequired\":true,\"valueName\":\"search_term_string\"}}],\"inLanguage\":\"en-GB\"},{\"@type\":\"Organization\",\"@id\":\"https:\\\/\\\/swedvision.se\\\/#organization\",\"name\":\"Swedvision Automation AB\",\"url\":\"https:\\\/\\\/swedvision.se\\\/\",\"logo\":{\"@type\":\"ImageObject\",\"inLanguage\":\"en-GB\",\"@id\":\"https:\\\/\\\/swedvision.se\\\/#\\\/schema\\\/logo\\\/image\\\/\",\"url\":\"https:\\\/\\\/swedvision.se\\\/wp-content\\\/uploads\\\/2026\\\/01\\\/cropped-SwedvisionLogo-1-300x83-1-e1769436226238.png\",\"contentUrl\":\"https:\\\/\\\/swedvision.se\\\/wp-content\\\/uploads\\\/2026\\\/01\\\/cropped-SwedvisionLogo-1-300x83-1-e1769436226238.png\",\"width\":296,\"height\":81,\"caption\":\"Swedvision Automation AB\"},\"image\":{\"@id\":\"https:\\\/\\\/swedvision.se\\\/#\\\/schema\\\/logo\\\/image\\\/\"},\"sameAs\":[\"https:\\\/\\\/www.linkedin.com\\\/company\\\/swedvision-automation-ab\\\/\"]}]}<\/script>\n<!-- \/ Yoast SEO plugin. -->","yoast_head_json":{"title":"Om oss - 35 \u00e5r med automation. Nyckelf\u00e4rdiga l\u00f6sningar med den senaste visiontekniken.","description":"Om oss Swedvison Automation AB b\u00f6rjade sin verksamhet 1989. Till en b\u00f6rjan var vi inriktade p\u00e5 att avsyna f\u00f6r\u00e4dlade tr\u00e4produkter. V\u00e5r resa b\u00f6rjade som en","robots":{"index":"index","follow":"follow","max-snippet":"max-snippet:-1","max-image-preview":"max-image-preview:large","max-video-preview":"max-video-preview:-1"},"canonical":"https:\/\/swedvision.se\/en\/om-oss\/","og_locale":"en_GB","og_type":"article","og_title":"Om oss - 35 \u00e5r med automation. Nyckelf\u00e4rdiga l\u00f6sningar med den senaste visiontekniken.","og_description":"Om oss Swedvison Automation AB b\u00f6rjade sin verksamhet 1989. Till en b\u00f6rjan var vi inriktade p\u00e5 att avsyna f\u00f6r\u00e4dlade tr\u00e4produkter. V\u00e5r resa b\u00f6rjade som en","og_url":"https:\/\/swedvision.se\/en\/om-oss\/","og_site_name":"Swedvision","article_modified_time":"2026-04-23T17:19:22+00:00","og_image":[{"url":"https:\/\/swedvision.se\/wp-content\/uploads\/elementor\/thumbs\/electronic-1-1-rinvl1zipclsokimc7x9nwx4nj58ex931o7bijom2g.jpg","type":"","width":"","height":""}],"twitter_card":"summary_large_image","twitter_misc":{"Estimated reading time":"3 minutes"},"schema":{"@context":"https:\/\/schema.org","@graph":[{"@type":"WebPage","@id":"https:\/\/swedvision.se\/om-oss\/","url":"https:\/\/swedvision.se\/om-oss\/","name":"Om oss - 35 \u00e5r med automation. Nyckelf\u00e4rdiga l\u00f6sningar med den senaste visiontekniken.","isPartOf":{"@id":"https:\/\/swedvision.se\/#website"},"primaryImageOfPage":{"@id":"https:\/\/swedvision.se\/om-oss\/#primaryimage"},"image":{"@id":"https:\/\/swedvision.se\/om-oss\/#primaryimage"},"thumbnailUrl":"https:\/\/swedvision.se\/wp-content\/uploads\/elementor\/thumbs\/electronic-1-1-rinvl1zipclsokimc7x9nwx4nj58ex931o7bijom2g.jpg","datePublished":"2026-01-22T11:09:28+00:00","dateModified":"2026-04-23T17:19:22+00:00","description":"Om oss Swedvison Automation AB b\u00f6rjade sin verksamhet 1989. Till en b\u00f6rjan var vi inriktade p\u00e5 att avsyna f\u00f6r\u00e4dlade tr\u00e4produkter. V\u00e5r resa b\u00f6rjade som en","breadcrumb":{"@id":"https:\/\/swedvision.se\/om-oss\/#breadcrumb"},"inLanguage":"en-GB","potentialAction":[{"@type":"ReadAction","target":["https:\/\/swedvision.se\/om-oss\/"]}]},{"@type":"ImageObject","inLanguage":"en-GB","@id":"https:\/\/swedvision.se\/om-oss\/#primaryimage","url":"https:\/\/swedvision.se\/wp-content\/uploads\/elementor\/thumbs\/electronic-1-1-rinvl1zipclsokimc7x9nwx4nj58ex931o7bijom2g.jpg","contentUrl":"https:\/\/swedvision.se\/wp-content\/uploads\/elementor\/thumbs\/electronic-1-1-rinvl1zipclsokimc7x9nwx4nj58ex931o7bijom2g.jpg"},{"@type":"BreadcrumbList","@id":"https:\/\/swedvision.se\/om-oss\/#breadcrumb","itemListElement":[{"@type":"ListItem","position":1,"name":"Hem","item":"https:\/\/swedvision.se\/"},{"@type":"ListItem","position":2,"name":"Om oss"}]},{"@type":"WebSite","@id":"https:\/\/swedvision.se\/#website","url":"https:\/\/swedvision.se\/","name":"Swedvision.se","description":"35 years with automation. Turnkey solutions with the latest machine vision technology.","publisher":{"@id":"https:\/\/swedvision.se\/#organization"},"potentialAction":[{"@type":"SearchAction","target":{"@type":"EntryPoint","urlTemplate":"https:\/\/swedvision.se\/?s={search_term_string}"},"query-input":{"@type":"PropertyValueSpecification","valueRequired":true,"valueName":"search_term_string"}}],"inLanguage":"en-GB"},{"@type":"Organization","@id":"https:\/\/swedvision.se\/#organization","name":"Swedvision Automation AB","url":"https:\/\/swedvision.se\/","logo":{"@type":"ImageObject","inLanguage":"en-GB","@id":"https:\/\/swedvision.se\/#\/schema\/logo\/image\/","url":"https:\/\/swedvision.se\/wp-content\/uploads\/2026\/01\/cropped-SwedvisionLogo-1-300x83-1-e1769436226238.png","contentUrl":"https:\/\/swedvision.se\/wp-content\/uploads\/2026\/01\/cropped-SwedvisionLogo-1-300x83-1-e1769436226238.png","width":296,"height":81,"caption":"Swedvision Automation AB"},"image":{"@id":"https:\/\/swedvision.se\/#\/schema\/logo\/image\/"},"sameAs":["https:\/\/www.linkedin.com\/company\/swedvision-automation-ab\/"]}]}},"_links":{"self":[{"href":"https:\/\/swedvision.se\/en\/wp-json\/wp\/v2\/pages\/29","targetHints":{"allow":["GET"]}}],"collection":[{"href":"https:\/\/swedvision.se\/en\/wp-json\/wp\/v2\/pages"}],"about":[{"href":"https:\/\/swedvision.se\/en\/wp-json\/wp\/v2\/types\/page"}],"author":[{"embeddable":true,"href":"https:\/\/swedvision.se\/en\/wp-json\/wp\/v2\/users\/1"}],"replies":[{"embeddable":true,"href":"https:\/\/swedvision.se\/en\/wp-json\/wp\/v2\/comments?post=29"}],"version-history":[{"count":56,"href":"https:\/\/swedvision.se\/en\/wp-json\/wp\/v2\/pages\/29\/revisions"}],"predecessor-version":[{"id":1172,"href":"https:\/\/swedvision.se\/en\/wp-json\/wp\/v2\/pages\/29\/revisions\/1172"}],"wp:attachment":[{"href":"https:\/\/swedvision.se\/en\/wp-json\/wp\/v2\/media?parent=29"}],"curies":[{"name":"wp","href":"https:\/\/api.w.org\/{rel}","templated":true}]}}