{"id":8,"date":"2026-01-22T11:09:13","date_gmt":"2026-01-22T11:09:13","guid":{"rendered":"http:\/\/swedvision-draft.local\/contact-us\/"},"modified":"2026-04-13T10:48:19","modified_gmt":"2026-04-13T08:48:19","slug":"kontakt","status":"publish","type":"page","link":"https:\/\/swedvision.se\/en\/kontakt\/","title":{"rendered":"Contact"},"content":{"rendered":"<div data-elementor-type=\"wp-page\" data-elementor-id=\"8\" class=\"elementor elementor-8\">\n\t\t\t\t<main class=\"elementor-element elementor-element-d3d5627 e-con-full e-flex wpr-particle-no wpr-jarallax-no wpr-parallax-no wpr-sticky-section-no wpr-equal-height-no e-con e-parent\" data-id=\"d3d5627\" data-element_type=\"container\" data-e-type=\"container\">\n\t\t<div class=\"elementor-element elementor-element-decf563 e-con-full e-flex wpr-particle-no wpr-jarallax-no wpr-parallax-no wpr-sticky-section-no wpr-equal-height-no e-con e-child\" data-id=\"decf563\" data-element_type=\"container\" data-e-type=\"container\">\n\t\t<div class=\"elementor-element elementor-element-1ef5794 e-con-full e-flex wpr-particle-no wpr-jarallax-no wpr-parallax-no wpr-sticky-section-no wpr-equal-height-no e-con e-child\" data-id=\"1ef5794\" data-element_type=\"container\" data-e-type=\"container\">\n\t\t\t\t<div class=\"elementor-element elementor-element-5e39084 elementor-widget-mobile__width-inherit elementor-widget elementor-widget-heading\" data-id=\"5e39084\" data-element_type=\"widget\" data-e-type=\"widget\" data-widget_type=\"heading.default\">\n\t\t\t\t\t<h1 class=\"elementor-heading-title elementor-size-default\">Contact Us<\/h1>\t\t\t\t<\/div>\n\t\t\t\t<div class=\"elementor-element elementor-element-dbe1fd3 elementor-widget-divider--view-line elementor-widget elementor-widget-divider\" data-id=\"dbe1fd3\" data-element_type=\"widget\" data-e-type=\"widget\" data-widget_type=\"divider.default\">\n\t\t\t\t\t\t\t<div class=\"elementor-divider\">\n\t\t\t<span class=\"elementor-divider-separator\">\n\t\t\t\t\t\t<\/span>\n\t\t<\/div>\n\t\t\t\t\t\t<\/div>\n\t\t<div class=\"elementor-element elementor-element-27263f4 e-con-full e-flex wpr-particle-no wpr-jarallax-no wpr-parallax-no wpr-sticky-section-no wpr-equal-height-no e-con e-child\" data-id=\"27263f4\" data-element_type=\"container\" data-e-type=\"container\">\n\t\t\t\t<div class=\"elementor-element elementor-element-9e9a7dd elementor-widget elementor-widget-heading\" data-id=\"9e9a7dd\" data-element_type=\"widget\" data-e-type=\"widget\" data-widget_type=\"heading.default\">\n\t\t\t\t\t<h2 class=\"elementor-heading-title elementor-size-default\">Office hours<\/h2>\t\t\t\t<\/div>\n\t\t\t\t<div class=\"elementor-element elementor-element-ee6c391 elementor-icon-list--layout-traditional elementor-list-item-link-full_width elementor-widget elementor-widget-icon-list\" data-id=\"ee6c391\" data-element_type=\"widget\" data-e-type=\"widget\" data-widget_type=\"icon-list.default\">\n\t\t\t\t\t\t\t<ul class=\"elementor-icon-list-items\">\n\t\t\t\t\t\t\t<li class=\"elementor-icon-list-item\">\n\t\t\t\t\t\t\t\t\t\t<span class=\"elementor-icon-list-text\">M\u00e5n-Fre 8.00 - 17.00<\/span>\n\t\t\t\t\t\t\t\t\t<\/li>\n\t\t\t\t\t\t<\/ul>\n\t\t\t\t\t\t<\/div>\n\t\t\t\t<\/div>\n\t\t<div class=\"elementor-element elementor-element-8c01557 e-con-full e-flex wpr-particle-no wpr-jarallax-no wpr-parallax-no wpr-sticky-section-no wpr-equal-height-no e-con e-child\" data-id=\"8c01557\" data-element_type=\"container\" data-e-type=\"container\">\n\t\t\t\t<div class=\"elementor-element elementor-element-dc63007 elementor-widget elementor-widget-heading\" data-id=\"dc63007\" data-element_type=\"widget\" data-e-type=\"widget\" data-widget_type=\"heading.default\">\n\t\t\t\t\t<h2 class=\"elementor-heading-title elementor-size-default\">Contact information<\/h2>\t\t\t\t<\/div>\n\t\t\t\t<div class=\"elementor-element elementor-element-73068f2 elementor-icon-list--layout-traditional elementor-list-item-link-full_width elementor-widget elementor-widget-icon-list\" data-id=\"73068f2\" data-element_type=\"widget\" data-e-type=\"widget\" data-widget_type=\"icon-list.default\">\n\t\t\t\t\t\t\t<ul class=\"elementor-icon-list-items\">\n\t\t\t\t\t\t\t<li class=\"elementor-icon-list-item\">\n\t\t\t\t\t\t\t\t\t\t<span class=\"elementor-icon-list-text\">0302 51660<\/span>\n\t\t\t\t\t\t\t\t\t<\/li>\n\t\t\t\t\t\t\t\t<li class=\"elementor-icon-list-item\">\n\t\t\t\t\t\t\t\t\t\t<span class=\"elementor-icon-list-text\">sales1@swedvision.se<\/span>\n\t\t\t\t\t\t\t\t\t<\/li>\n\t\t\t\t\t\t<\/ul>\n\t\t\t\t\t\t<\/div>\n\t\t\t\t<\/div>\n\t\t<div class=\"elementor-element elementor-element-8c612ff e-con-full e-flex wpr-particle-no wpr-jarallax-no wpr-parallax-no wpr-sticky-section-no wpr-equal-height-no e-con e-child\" data-id=\"8c612ff\" data-element_type=\"container\" data-e-type=\"container\">\n\t\t\t\t<div class=\"elementor-element elementor-element-9e4d90f elementor-widget elementor-widget-heading\" data-id=\"9e4d90f\" data-element_type=\"widget\" data-e-type=\"widget\" data-widget_type=\"heading.default\">\n\t\t\t\t\t<h2 class=\"elementor-heading-title elementor-size-default\">Address<\/h2>\t\t\t\t<\/div>\n\t\t\t\t<div class=\"elementor-element elementor-element-47e9631 elementor-widget elementor-widget-text-editor\" data-id=\"47e9631\" data-element_type=\"widget\" data-e-type=\"widget\" data-widget_type=\"text-editor.default\">\n\t\t\t\t\t\t\t\t\t<p>Idas v\u00e4g 5<br \/>443 61 Stenkullen<\/p>\t\t\t\t\t\t\t\t<\/div>\n\t\t\t\t<\/div>\n\t\t\t\t<\/div>\n\t\t<div class=\"elementor-element elementor-element-6b66d57 e-con-full e-flex wpr-particle-no wpr-jarallax-no wpr-parallax-no wpr-sticky-section-no wpr-equal-height-no e-con e-child\" data-id=\"6b66d57\" data-element_type=\"container\" data-e-type=\"container\" data-settings=\"{&quot;background_background&quot;:&quot;classic&quot;}\">\n\t\t\t\t<\/div>\n\t\t\t\t<\/div>\n\t\t<div class=\"elementor-element elementor-element-f038d9a e-con-full e-flex wpr-particle-no wpr-jarallax-no wpr-parallax-no wpr-sticky-section-no wpr-equal-height-no e-con e-child\" data-id=\"f038d9a\" data-element_type=\"container\" data-e-type=\"container\">\n\t\t<div class=\"elementor-element elementor-element-8e34336 e-con-full e-flex wpr-particle-no wpr-jarallax-no wpr-parallax-no wpr-sticky-section-no wpr-equal-height-no e-con e-child\" data-id=\"8e34336\" data-element_type=\"container\" data-e-type=\"container\">\n\t\t\t\t<div class=\"elementor-element elementor-element-4cea0e9 elementor-widget elementor-widget-google_maps\" data-id=\"4cea0e9\" data-element_type=\"widget\" data-e-type=\"widget\" data-widget_type=\"google_maps.default\">\n\t\t\t\t\t\t\t<div class=\"elementor-custom-embed\">\n\t\t\t<iframe loading=\"lazy\"\n\t\t\t\t\tsrc=\"https:\/\/maps.google.com\/maps?q=SwedvisionIdas%20v%C3%A4g%205%2C%20443%2061%20Stenkullen&#038;t=m&#038;z=16&#038;output=embed&#038;iwloc=near\"\n\t\t\t\t\ttitle=\"SwedvisionIdas v\u00e4g 5, 443 61 Stenkullen\"\n\t\t\t\t\taria-label=\"SwedvisionIdas v\u00e4g 5, 443 61 Stenkullen\"\n\t\t\t><\/iframe>\n\t\t<\/div>\n\t\t\t\t\t\t<\/div>\n\t\t\t\t<\/div>\n\t\t<div class=\"elementor-element elementor-element-d149bce e-con-full e-flex wpr-particle-no wpr-jarallax-no wpr-parallax-no wpr-sticky-section-no wpr-equal-height-no e-con e-child\" data-id=\"d149bce\" data-element_type=\"container\" data-e-type=\"container\">\n\t\t\t\t<div class=\"elementor-element elementor-element-d13e3a7 elementor-widget elementor-widget-heading\" data-id=\"d13e3a7\" data-element_type=\"widget\" data-e-type=\"widget\" data-widget_type=\"heading.default\">\n\t\t\t\t\t<h2 class=\"elementor-heading-title elementor-size-default\">Visit Us<\/h2>\t\t\t\t<\/div>\n\t\t\t\t<div class=\"elementor-element elementor-element-7214685 elementor-widget-divider--view-line elementor-widget elementor-widget-divider\" data-id=\"7214685\" data-element_type=\"widget\" data-e-type=\"widget\" data-widget_type=\"divider.default\">\n\t\t\t\t\t\t\t<div class=\"elementor-divider\">\n\t\t\t<span class=\"elementor-divider-separator\">\n\t\t\t\t\t\t<\/span>\n\t\t<\/div>\n\t\t\t\t\t\t<\/div>\n\t\t\t\t<div class=\"elementor-element elementor-element-6f45ca1 elementor-widget__width-initial elementor-widget elementor-widget-text-editor\" data-id=\"6f45ca1\" data-element_type=\"widget\" data-e-type=\"widget\" data-widget_type=\"text-editor.default\">\n\t\t\t\t\t\t\t\t\t<p>Idas v\u00e4g 5,<br \/>443 61 Stenkullen<\/p>\t\t\t\t\t\t\t\t<\/div>\n\t\t\t\t<\/div>\n\t\t\t\t<\/div>\n\t\t\t\t<\/main>\n\t\t\t\t<\/div>","protected":false},"excerpt":{"rendered":"<p>Kontakta oss Kontorstider M\u00e5n-Fre 8.00 &#8211; 17.00 Kontaktinformation 0302 51660 sales1@swedvision.se adress Idas v\u00e4g 5443 61 Stenkullen Bes\u00f6k oss Idas v\u00e4g 5,443 61 Stenkullen<\/p>","protected":false},"author":1,"featured_media":0,"parent":0,"menu_order":0,"comment_status":"closed","ping_status":"closed","template":"elementor_header_footer","meta":{"footnotes":""},"class_list":["post-8","page","type-page","status-publish","hentry"],"yoast_head":"<!-- This site is optimized with the Yoast SEO plugin v27.4 - https:\/\/yoast.com\/product\/yoast-seo-wordpress\/ -->\n<title>Kontakt - 35 \u00e5r med automation. Nyckelf\u00e4rdiga l\u00f6sningar med den senaste visiontekniken.<\/title>\n<meta name=\"description\" content=\"Kontakta oss Kontorstider M\u00e5n-Fre 8.00 - 17.00 Kontaktinformation 0302 51660 sales1@swedvision.se adress Idas v\u00e4g 5443 61 Stenkullen Bes\u00f6k oss Idas v\u00e4g\" \/>\n<meta name=\"robots\" content=\"index, follow, max-snippet:-1, max-image-preview:large, max-video-preview:-1\" \/>\n<link rel=\"canonical\" href=\"https:\/\/swedvision.se\/en\/kontakt\/\" \/>\n<meta property=\"og:locale\" content=\"en_GB\" \/>\n<meta property=\"og:type\" content=\"article\" \/>\n<meta property=\"og:title\" content=\"Kontakt - 35 \u00e5r med automation. Nyckelf\u00e4rdiga l\u00f6sningar med den senaste visiontekniken.\" \/>\n<meta property=\"og:description\" content=\"Kontakta oss Kontorstider M\u00e5n-Fre 8.00 - 17.00 Kontaktinformation 0302 51660 sales1@swedvision.se adress Idas v\u00e4g 5443 61 Stenkullen Bes\u00f6k oss Idas v\u00e4g\" \/>\n<meta property=\"og:url\" content=\"https:\/\/swedvision.se\/en\/kontakt\/\" \/>\n<meta property=\"og:site_name\" content=\"Swedvision\" \/>\n<meta property=\"article:modified_time\" content=\"2026-04-13T08:48:19+00:00\" \/>\n<meta property=\"og:image\" content=\"https:\/\/swedvision.se\/wp-content\/uploads\/2026\/02\/SwedvisionLogo_kvadrat2.png\" \/>\n\t<meta property=\"og:image:width\" content=\"341\" \/>\n\t<meta property=\"og:image:height\" content=\"341\" \/>\n\t<meta property=\"og:image:type\" content=\"image\/png\" \/>\n<meta name=\"twitter:card\" content=\"summary_large_image\" \/>\n<meta name=\"twitter:label1\" content=\"Estimated reading time\" \/>\n\t<meta name=\"twitter:data1\" content=\"1 minute\" \/>\n<script type=\"application\/ld+json\" class=\"yoast-schema-graph\">{\"@context\":\"https:\\\/\\\/schema.org\",\"@graph\":[{\"@type\":\"WebPage\",\"@id\":\"https:\\\/\\\/swedvision.se\\\/kontakt\\\/\",\"url\":\"https:\\\/\\\/swedvision.se\\\/kontakt\\\/\",\"name\":\"Kontakt - 35 \u00e5r med automation. Nyckelf\u00e4rdiga l\u00f6sningar med den senaste visiontekniken.\",\"isPartOf\":{\"@id\":\"https:\\\/\\\/swedvision.se\\\/#website\"},\"datePublished\":\"2026-01-22T11:09:13+00:00\",\"dateModified\":\"2026-04-13T08:48:19+00:00\",\"description\":\"Kontakta oss Kontorstider M\u00e5n-Fre 8.00 - 17.00 Kontaktinformation 0302 51660 sales1@swedvision.se adress Idas v\u00e4g 5443 61 Stenkullen Bes\u00f6k oss Idas v\u00e4g\",\"breadcrumb\":{\"@id\":\"https:\\\/\\\/swedvision.se\\\/kontakt\\\/#breadcrumb\"},\"inLanguage\":\"en-GB\",\"potentialAction\":[{\"@type\":\"ReadAction\",\"target\":[\"https:\\\/\\\/swedvision.se\\\/kontakt\\\/\"]}]},{\"@type\":\"BreadcrumbList\",\"@id\":\"https:\\\/\\\/swedvision.se\\\/kontakt\\\/#breadcrumb\",\"itemListElement\":[{\"@type\":\"ListItem\",\"position\":1,\"name\":\"Hem\",\"item\":\"https:\\\/\\\/swedvision.se\\\/\"},{\"@type\":\"ListItem\",\"position\":2,\"name\":\"Kontakt\"}]},{\"@type\":\"WebSite\",\"@id\":\"https:\\\/\\\/swedvision.se\\\/#website\",\"url\":\"https:\\\/\\\/swedvision.se\\\/\",\"name\":\"Swedvision.se\",\"description\":\"35 \u00e5r med automation. Nyckelf\u00e4rdiga l\u00f6sningar med den senaste visiontekniken.\",\"publisher\":{\"@id\":\"https:\\\/\\\/swedvision.se\\\/#organization\"},\"potentialAction\":[{\"@type\":\"SearchAction\",\"target\":{\"@type\":\"EntryPoint\",\"urlTemplate\":\"https:\\\/\\\/swedvision.se\\\/?s={search_term_string}\"},\"query-input\":{\"@type\":\"PropertyValueSpecification\",\"valueRequired\":true,\"valueName\":\"search_term_string\"}}],\"inLanguage\":\"en-GB\"},{\"@type\":\"Organization\",\"@id\":\"https:\\\/\\\/swedvision.se\\\/#organization\",\"name\":\"Swedvision Automation AB\",\"url\":\"https:\\\/\\\/swedvision.se\\\/\",\"logo\":{\"@type\":\"ImageObject\",\"inLanguage\":\"en-GB\",\"@id\":\"https:\\\/\\\/swedvision.se\\\/#\\\/schema\\\/logo\\\/image\\\/\",\"url\":\"https:\\\/\\\/swedvision.se\\\/wp-content\\\/uploads\\\/2026\\\/01\\\/cropped-SwedvisionLogo-1-300x83-1-e1769436226238.png\",\"contentUrl\":\"https:\\\/\\\/swedvision.se\\\/wp-content\\\/uploads\\\/2026\\\/01\\\/cropped-SwedvisionLogo-1-300x83-1-e1769436226238.png\",\"width\":296,\"height\":81,\"caption\":\"Swedvision Automation AB\"},\"image\":{\"@id\":\"https:\\\/\\\/swedvision.se\\\/#\\\/schema\\\/logo\\\/image\\\/\"},\"sameAs\":[\"https:\\\/\\\/www.linkedin.com\\\/company\\\/swedvision-automation-ab\\\/\"]}]}<\/script>\n<!-- \/ Yoast SEO plugin. -->","yoast_head_json":{"title":"Kontakt - 35 \u00e5r med automation. Nyckelf\u00e4rdiga l\u00f6sningar med den senaste visiontekniken.","description":"Kontakta oss Kontorstider M\u00e5n-Fre 8.00 - 17.00 Kontaktinformation 0302 51660 sales1@swedvision.se adress Idas v\u00e4g 5443 61 Stenkullen Bes\u00f6k oss Idas v\u00e4g","robots":{"index":"index","follow":"follow","max-snippet":"max-snippet:-1","max-image-preview":"max-image-preview:large","max-video-preview":"max-video-preview:-1"},"canonical":"https:\/\/swedvision.se\/en\/kontakt\/","og_locale":"en_GB","og_type":"article","og_title":"Kontakt - 35 \u00e5r med automation. Nyckelf\u00e4rdiga l\u00f6sningar med den senaste visiontekniken.","og_description":"Kontakta oss Kontorstider M\u00e5n-Fre 8.00 - 17.00 Kontaktinformation 0302 51660 sales1@swedvision.se adress Idas v\u00e4g 5443 61 Stenkullen Bes\u00f6k oss Idas v\u00e4g","og_url":"https:\/\/swedvision.se\/en\/kontakt\/","og_site_name":"Swedvision","article_modified_time":"2026-04-13T08:48:19+00:00","og_image":[{"width":341,"height":341,"url":"https:\/\/swedvision.se\/wp-content\/uploads\/2026\/02\/SwedvisionLogo_kvadrat2.png","type":"image\/png"}],"twitter_card":"summary_large_image","twitter_misc":{"Estimated reading time":"1 minute"},"schema":{"@context":"https:\/\/schema.org","@graph":[{"@type":"WebPage","@id":"https:\/\/swedvision.se\/kontakt\/","url":"https:\/\/swedvision.se\/kontakt\/","name":"Kontakt - 35 \u00e5r med automation. Nyckelf\u00e4rdiga l\u00f6sningar med den senaste visiontekniken.","isPartOf":{"@id":"https:\/\/swedvision.se\/#website"},"datePublished":"2026-01-22T11:09:13+00:00","dateModified":"2026-04-13T08:48:19+00:00","description":"Kontakta oss Kontorstider M\u00e5n-Fre 8.00 - 17.00 Kontaktinformation 0302 51660 sales1@swedvision.se adress Idas v\u00e4g 5443 61 Stenkullen Bes\u00f6k oss Idas v\u00e4g","breadcrumb":{"@id":"https:\/\/swedvision.se\/kontakt\/#breadcrumb"},"inLanguage":"en-GB","potentialAction":[{"@type":"ReadAction","target":["https:\/\/swedvision.se\/kontakt\/"]}]},{"@type":"BreadcrumbList","@id":"https:\/\/swedvision.se\/kontakt\/#breadcrumb","itemListElement":[{"@type":"ListItem","position":1,"name":"Hem","item":"https:\/\/swedvision.se\/"},{"@type":"ListItem","position":2,"name":"Kontakt"}]},{"@type":"WebSite","@id":"https:\/\/swedvision.se\/#website","url":"https:\/\/swedvision.se\/","name":"Swedvision.se","description":"35 years with automation. Turnkey solutions with the latest machine vision technology.","publisher":{"@id":"https:\/\/swedvision.se\/#organization"},"potentialAction":[{"@type":"SearchAction","target":{"@type":"EntryPoint","urlTemplate":"https:\/\/swedvision.se\/?s={search_term_string}"},"query-input":{"@type":"PropertyValueSpecification","valueRequired":true,"valueName":"search_term_string"}}],"inLanguage":"en-GB"},{"@type":"Organization","@id":"https:\/\/swedvision.se\/#organization","name":"Swedvision Automation AB","url":"https:\/\/swedvision.se\/","logo":{"@type":"ImageObject","inLanguage":"en-GB","@id":"https:\/\/swedvision.se\/#\/schema\/logo\/image\/","url":"https:\/\/swedvision.se\/wp-content\/uploads\/2026\/01\/cropped-SwedvisionLogo-1-300x83-1-e1769436226238.png","contentUrl":"https:\/\/swedvision.se\/wp-content\/uploads\/2026\/01\/cropped-SwedvisionLogo-1-300x83-1-e1769436226238.png","width":296,"height":81,"caption":"Swedvision Automation AB"},"image":{"@id":"https:\/\/swedvision.se\/#\/schema\/logo\/image\/"},"sameAs":["https:\/\/www.linkedin.com\/company\/swedvision-automation-ab\/"]}]}},"_links":{"self":[{"href":"https:\/\/swedvision.se\/en\/wp-json\/wp\/v2\/pages\/8","targetHints":{"allow":["GET"]}}],"collection":[{"href":"https:\/\/swedvision.se\/en\/wp-json\/wp\/v2\/pages"}],"about":[{"href":"https:\/\/swedvision.se\/en\/wp-json\/wp\/v2\/types\/page"}],"author":[{"embeddable":true,"href":"https:\/\/swedvision.se\/en\/wp-json\/wp\/v2\/users\/1"}],"replies":[{"embeddable":true,"href":"https:\/\/swedvision.se\/en\/wp-json\/wp\/v2\/comments?post=8"}],"version-history":[{"count":41,"href":"https:\/\/swedvision.se\/en\/wp-json\/wp\/v2\/pages\/8\/revisions"}],"predecessor-version":[{"id":1100,"href":"https:\/\/swedvision.se\/en\/wp-json\/wp\/v2\/pages\/8\/revisions\/1100"}],"wp:attachment":[{"href":"https:\/\/swedvision.se\/en\/wp-json\/wp\/v2\/media?parent=8"}],"curies":[{"name":"wp","href":"https:\/\/api.w.org\/{rel}","templated":true}]}}